{"id":105,"date":"2018-09-02T12:24:16","date_gmt":"2018-09-02T12:24:16","guid":{"rendered":"https:\/\/ferrokov.hu?page_id=105"},"modified":"2018-09-02T12:24:16","modified_gmt":"2018-09-02T12:24:16","slug":"korroziovedelem","status":"publish","type":"page","link":"https:\/\/ferrokov.hu\/de\/korroziovedelem\/","title":{"rendered":"Korr\u00f3zi\u00f3v\u00e9delem"},"content":{"rendered":"<p>A k\u00fcl\u00f6nf\u00e9le ac\u00e9lszerkezeti elemek tervez\u00e9s\u00e9n\u00e9l mindig optim\u00e1lis eredm\u00e9nyt \u00e9r\u00fcnk el, ha a korr\u00f3zi\u00f3v\u00e9delmi rendszert (bevonatot) az \u00fczemel\u00e9s alatti terhel\u00e9si felt\u00e9teleknek megfelel\u0151en v\u00e1lasztjuk meg.<\/p>\n<p>A t\u0171zihorganyz\u00e1s klasszikus felhaszn\u00e1l\u00e1si ter\u00fclete a sz\u00e9lnek, es\u0151nek, azaz az atmoszf\u00e9rikus ig\u00e9nybev\u00e9telnek kitett ac\u00e9lszerkezetek korr\u00f3zi\u00f3 elleni v\u00e9delm\u00e9nek, de alkalmaz\u00e1sa m\u00e1s k\u00f6zegekben (folyad\u00e9k, talaj, z\u00e1rt terek stb.) is elterjedt. A horganybevonat \u00e9lettartama szoros \u00f6sszef\u00fcgg\u00e9sben van vastags\u00e1g\u00e1val \u00e9s a korr\u00f3zi\u00f3s ig\u00e9nybev\u00e9tel jellemz\u0151ivel.<\/p>\n","protected":false},"excerpt":{"rendered":"<p>A k\u00fcl\u00f6nf\u00e9le ac\u00e9lszerkezeti elemek tervez\u00e9s\u00e9n\u00e9l mindig optim\u00e1lis eredm\u00e9nyt \u00e9r\u00fcnk el, ha a korr\u00f3zi\u00f3v\u00e9delmi rendszert (bevonatot) az \u00fczemel\u00e9s alatti terhel\u00e9si felt\u00e9teleknek megfelel\u0151en v\u00e1lasztjuk meg. A t\u0171zihorganyz\u00e1s klasszikus felhaszn\u00e1l\u00e1si ter\u00fclete a sz\u00e9lnek, es\u0151nek, azaz az atmoszf\u00e9rikus ig\u00e9nybev\u00e9telnek kitett ac\u00e9lszerkezetek korr\u00f3zi\u00f3 elleni v\u00e9delm\u00e9nek, de alkalmaz\u00e1sa m\u00e1s k\u00f6zegekben (folyad\u00e9k, talaj, z\u00e1rt terek stb.) is elterjedt. A horganybevonat \u00e9lettartama szoros &hellip;<\/p>\n","protected":false},"author":1,"featured_media":0,"parent":0,"menu_order":0,"comment_status":"closed","ping_status":"closed","template":"","meta":[],"_links":{"self":[{"href":"https:\/\/ferrokov.hu\/de\/wp-json\/wp\/v2\/pages\/105"}],"collection":[{"href":"https:\/\/ferrokov.hu\/de\/wp-json\/wp\/v2\/pages"}],"about":[{"href":"https:\/\/ferrokov.hu\/de\/wp-json\/wp\/v2\/types\/page"}],"author":[{"embeddable":true,"href":"https:\/\/ferrokov.hu\/de\/wp-json\/wp\/v2\/users\/1"}],"replies":[{"embeddable":true,"href":"https:\/\/ferrokov.hu\/de\/wp-json\/wp\/v2\/comments?post=105"}],"version-history":[{"count":1,"href":"https:\/\/ferrokov.hu\/de\/wp-json\/wp\/v2\/pages\/105\/revisions"}],"predecessor-version":[{"id":106,"href":"https:\/\/ferrokov.hu\/de\/wp-json\/wp\/v2\/pages\/105\/revisions\/106"}],"wp:attachment":[{"href":"https:\/\/ferrokov.hu\/de\/wp-json\/wp\/v2\/media?parent=105"}],"curies":[{"name":"wp","href":"https:\/\/api.w.org\/{rel}","templated":true}]}}