{"id":112,"date":"2018-09-02T12:49:48","date_gmt":"2018-09-02T12:49:48","guid":{"rendered":"https:\/\/ferrokov.hu?page_id=112"},"modified":"2018-09-02T12:53:18","modified_gmt":"2018-09-02T12:53:18","slug":"duplex-bevonat","status":"publish","type":"page","link":"https:\/\/ferrokov.hu\/de\/korroziovedelem\/duplex-bevonat\/","title":{"rendered":"Duplex bevonat"},"content":{"rendered":"<p>A t\u0171zihorgany bevonatok \u00f6nmagukban is tart\u00f3s, nagy\u00e9rt\u00e9k\u0171 korr\u00f3zi\u00f3 elleni v\u00e9delmet biztos\u00edtanak. N\u00e9h\u00e1ny alkalmaz\u00e1si k\u00f6vetelm\u00e9ny eset\u00e9n azonban indokolt lehet, hogy a horganybevonatot megfelel\u0151 bevonattal (pl. fest\u00e9k, m\u0171anyag) vagy bevonat rendszerrel l\u00e1ss\u00e1k el (Duplex-elj\u00e1r\u00e1s).<\/p>\n<p>Az al\u00e1bbi esetekben sz\u00fcks\u00e9ges a horganybevonat fest\u00e9se, ha<\/p>\n<ul>\n<li>az ac\u00e9lszerkezetnek fontos eszt\u00e9tikai szerepe van<\/li>\n<li>k\u00fcl\u00f6nlegesen hossz\u00fa v\u00e9delmi id\u0151tartamot k\u00edv\u00e1nnak el\u00e9rni<\/li>\n<li>er\u0151sen agressz\u00edv korr\u00f3zi\u00f3s behat\u00e1sok (ISO 9223 szerinti, C5, CX) l\u00e9pnek fel<\/li>\n<\/ul>\n<p>A duplex-v\u00e9delem el\u0151nye, hogy a fest\u00e9kr\u00e9teg v\u00e9di az alatta l\u00e9v\u0151 t\u0171zihorgany bevonatot, ugyanakkor a fest\u00e9kr\u00e9teg megrepedez\u00e9se eset\u00e9n a horgany korr\u00f3zi\u00f3s term\u00e9kei elt\u00f6m\u00edtik a reped\u00e9seket, illetve megakad\u00e1lyozz\u00e1k a fest\u00e9k korai lev\u00e1l\u00e1s\u00e1t, azaz a k\u00e9t r\u00e9teg egym\u00e1st v\u00e9di (szinergia-hat\u00e1s).<\/p>\n<p>K\u00fcl\u00f6nf\u00e9le fest\u00e9kbevonatok (m\u0171anyag bevonatok) horganyra t\u00f6rt\u00e9n\u0151 felhord\u00e1s\u00e1val kapcsolatosan m\u00e1r t\u00f6bb\u00e9vtizedes tapasztalatok vannak. Amennyiben a t\u0171zihorgany bevonatra k\u00edv\u00e1nunk fest\u00e9ket felhordani, \u00fagy k\u00fcl\u00f6n\u00f6sen \u00fcgyelni kell a megfelel\u0151 fel\u00fcleti tisztas\u00e1gra, a fest\u00e9k felvitel\u00e9nek helyes technol\u00f3gi\u00e1j\u00e1ra \u00e9s a fest\u00e9kgy\u00e1rt\u00f3k \u00e1ltal aj\u00e1nlott fest\u00e9kt\u00edpusok alkalmaz\u00e1s\u00e1ra.<\/p>\n<p>T\u0171zihorganyzott, majd festett ac\u00e9lszerkezetekre vonatkoz\u00f3an az EN ISO 12944 szabv\u00e1ny ad t\u00e1j\u00e9koztat\u00e1st.<\/p>\n","protected":false},"excerpt":{"rendered":"<p>A t\u0171zihorgany bevonatok \u00f6nmagukban is tart\u00f3s, nagy\u00e9rt\u00e9k\u0171 korr\u00f3zi\u00f3 elleni v\u00e9delmet biztos\u00edtanak. N\u00e9h\u00e1ny alkalmaz\u00e1si k\u00f6vetelm\u00e9ny eset\u00e9n azonban indokolt lehet, hogy a horganybevonatot megfelel\u0151 bevonattal (pl. fest\u00e9k, m\u0171anyag) vagy bevonat rendszerrel l\u00e1ss\u00e1k el (Duplex-elj\u00e1r\u00e1s). Az al\u00e1bbi esetekben sz\u00fcks\u00e9ges a horganybevonat fest\u00e9se, ha az ac\u00e9lszerkezetnek fontos eszt\u00e9tikai szerepe van k\u00fcl\u00f6nlegesen hossz\u00fa v\u00e9delmi id\u0151tartamot k\u00edv\u00e1nnak el\u00e9rni er\u0151sen agressz\u00edv korr\u00f3zi\u00f3s &hellip;<\/p>\n","protected":false},"author":1,"featured_media":0,"parent":105,"menu_order":0,"comment_status":"closed","ping_status":"closed","template":"","meta":{"_seopress_robots_primary_cat":"","_seopress_titles_title":"","_seopress_titles_desc":"","_seopress_robots_index":""},"_links":{"self":[{"href":"https:\/\/ferrokov.hu\/de\/wp-json\/wp\/v2\/pages\/112"}],"collection":[{"href":"https:\/\/ferrokov.hu\/de\/wp-json\/wp\/v2\/pages"}],"about":[{"href":"https:\/\/ferrokov.hu\/de\/wp-json\/wp\/v2\/types\/page"}],"author":[{"embeddable":true,"href":"https:\/\/ferrokov.hu\/de\/wp-json\/wp\/v2\/users\/1"}],"replies":[{"embeddable":true,"href":"https:\/\/ferrokov.hu\/de\/wp-json\/wp\/v2\/comments?post=112"}],"version-history":[{"count":2,"href":"https:\/\/ferrokov.hu\/de\/wp-json\/wp\/v2\/pages\/112\/revisions"}],"predecessor-version":[{"id":114,"href":"https:\/\/ferrokov.hu\/de\/wp-json\/wp\/v2\/pages\/112\/revisions\/114"}],"up":[{"embeddable":true,"href":"https:\/\/ferrokov.hu\/de\/wp-json\/wp\/v2\/pages\/105"}],"wp:attachment":[{"href":"https:\/\/ferrokov.hu\/de\/wp-json\/wp\/v2\/media?parent=112"}],"curies":[{"name":"wp","href":"https:\/\/api.w.org\/{rel}","templated":true}]}}