{"id":44,"date":"2018-07-18T08:55:25","date_gmt":"2018-07-18T08:55:25","guid":{"rendered":"https:\/\/ferrokov.hu?page_id=44"},"modified":"2023-08-17T18:31:32","modified_gmt":"2023-08-17T18:31:32","slug":"elerhetosegek","status":"publish","type":"page","link":"https:\/\/ferrokov.hu\/de\/elerhetosegek\/","title":{"rendered":"Kontakt"},"content":{"rendered":"<p>Kontakt Kontaktm\u00f6glichkeiten Wir sind in der Lage mit unseren Partern auch Deutsch und Englisch zu kommunizieren.Falls Sie ein Gespr\u00e4ch in einer von diesen Sprachen w\u00fcnschen, w\u00e4len Sie bitte unsere Zentrale: Adresse: H-7562 Segesd, P\u00e1lmah\u00e1z utca 1. E-mail: info@ferrokov <a href=\"https:\/\/ferrokov.hu\/de\/elerhetosegek\/\" title=\"Read more on Kontakt\" class=\"more-link\">read more<\/a><\/p>\n","protected":false},"excerpt":{"rendered":"<p>Kontakt Kontaktm\u00f6glichkeiten Wir sind in der Lage mit unseren Partern auch Deutsch und Englisch zu kommunizieren.Falls Sie ein Gespr\u00e4ch in einer von diesen Sprachen w\u00fcnschen, w\u00e4len Sie bitte unsere Zentrale: Adresse: H-7562 Segesd, P\u00e1lmah\u00e1z utca 1. E-mail: info@ferrokov read more<\/p>\n","protected":false},"author":1,"featured_media":0,"parent":0,"menu_order":17,"comment_status":"closed","ping_status":"closed","template":"","meta":{"_seopress_robots_primary_cat":"","_seopress_titles_title":"","_seopress_titles_desc":"","_seopress_robots_index":""},"_links":{"self":[{"href":"https:\/\/ferrokov.hu\/de\/wp-json\/wp\/v2\/pages\/44"}],"collection":[{"href":"https:\/\/ferrokov.hu\/de\/wp-json\/wp\/v2\/pages"}],"about":[{"href":"https:\/\/ferrokov.hu\/de\/wp-json\/wp\/v2\/types\/page"}],"author":[{"embeddable":true,"href":"https:\/\/ferrokov.hu\/de\/wp-json\/wp\/v2\/users\/1"}],"replies":[{"embeddable":true,"href":"https:\/\/ferrokov.hu\/de\/wp-json\/wp\/v2\/comments?post=44"}],"version-history":[{"count":54,"href":"https:\/\/ferrokov.hu\/de\/wp-json\/wp\/v2\/pages\/44\/revisions"}],"predecessor-version":[{"id":1064,"href":"https:\/\/ferrokov.hu\/de\/wp-json\/wp\/v2\/pages\/44\/revisions\/1064"}],"wp:attachment":[{"href":"https:\/\/ferrokov.hu\/de\/wp-json\/wp\/v2\/media?parent=44"}],"curies":[{"name":"wp","href":"https:\/\/api.w.org\/{rel}","templated":true}]}}