{"id":462,"date":"2019-05-24T06:00:28","date_gmt":"2019-05-24T06:00:28","guid":{"rendered":"https:\/\/ferrokov.hu?page_id=462"},"modified":"2019-05-31T06:19:08","modified_gmt":"2019-05-31T06:19:08","slug":"fo-tevekenyseg","status":"publish","type":"page","link":"https:\/\/ferrokov.hu\/de\/tevekenysegek\/acelszerkezet-gyartas\/fo-tevekenyseg\/","title":{"rendered":"Technologie"},"content":{"rendered":"<p>Technologie Nach unserer Hauptbet\u00e4tigung stellen wir kleine und mittelgro\u00dfe Stahlkonstruktionen und Stahl Massenartikel her. Unsere Firma \u00fcbernimmt auch Auftr\u00e4ge f\u00fcr Herstellung Alu und Rostfreie Konstruktionen, wof\u00fcr wir die freie Kapazit\u00e4ten der Produktionsanlagen ver <a href=\"https:\/\/ferrokov.hu\/de\/tevekenysegek\/acelszerkezet-gyartas\/fo-tevekenyseg\/\" title=\"Read more on Technologie\" class=\"more-link\">read more<\/a><\/p>\n","protected":false},"excerpt":{"rendered":"<p>Technologie Nach unserer Hauptbet\u00e4tigung stellen wir kleine und mittelgro\u00dfe Stahlkonstruktionen und Stahl Massenartikel her. Unsere Firma \u00fcbernimmt auch Auftr\u00e4ge f\u00fcr Herstellung Alu und Rostfreie Konstruktionen, wof\u00fcr wir die freie Kapazit\u00e4ten der Produktionsanlagen ver read more<\/p>\n","protected":false},"author":2,"featured_media":0,"parent":255,"menu_order":0,"comment_status":"closed","ping_status":"closed","template":"","meta":{"_seopress_robots_primary_cat":"","_seopress_titles_title":"","_seopress_titles_desc":"","_seopress_robots_index":""},"_links":{"self":[{"href":"https:\/\/ferrokov.hu\/de\/wp-json\/wp\/v2\/pages\/462"}],"collection":[{"href":"https:\/\/ferrokov.hu\/de\/wp-json\/wp\/v2\/pages"}],"about":[{"href":"https:\/\/ferrokov.hu\/de\/wp-json\/wp\/v2\/types\/page"}],"author":[{"embeddable":true,"href":"https:\/\/ferrokov.hu\/de\/wp-json\/wp\/v2\/users\/2"}],"replies":[{"embeddable":true,"href":"https:\/\/ferrokov.hu\/de\/wp-json\/wp\/v2\/comments?post=462"}],"version-history":[{"count":26,"href":"https:\/\/ferrokov.hu\/de\/wp-json\/wp\/v2\/pages\/462\/revisions"}],"predecessor-version":[{"id":664,"href":"https:\/\/ferrokov.hu\/de\/wp-json\/wp\/v2\/pages\/462\/revisions\/664"}],"up":[{"embeddable":true,"href":"https:\/\/ferrokov.hu\/de\/wp-json\/wp\/v2\/pages\/255"}],"wp:attachment":[{"href":"https:\/\/ferrokov.hu\/de\/wp-json\/wp\/v2\/media?parent=462"}],"curies":[{"name":"wp","href":"https:\/\/api.w.org\/{rel}","templated":true}]}}