{"id":466,"date":"2019-05-24T06:05:17","date_gmt":"2019-05-24T06:05:17","guid":{"rendered":"https:\/\/ferrokov.hu?page_id=466"},"modified":"2020-06-09T09:09:50","modified_gmt":"2020-06-09T09:09:50","slug":"tuzihorganyzas","status":"publish","type":"page","link":"https:\/\/ferrokov.hu\/de\/tuzihorganyzas\/","title":{"rendered":"Feuerverzinkung"},"content":{"rendered":"<p>Feuerverzinkung = Perfekter Oberfl\u00e4chenschutz &nbsp; Die moderne Technik, die f\u00fcr einen dauerhaften Oberfl\u00e4chenschutz des Eisens sorgt, \u00a0wird heutzutage immer beliebter. Die entfetteten Teile bekommen einen Salzs\u00e4urebad wodurch es von Zinder und Rost befreit wird. So er <a href=\"https:\/\/ferrokov.hu\/de\/tuzihorganyzas\/\" title=\"Read more on Feuerverzinkung\" class=\"more-link\">read more<\/a><\/p>\n","protected":false},"excerpt":{"rendered":"<p>Feuerverzinkung = Perfekter Oberfl\u00e4chenschutz &nbsp; Die moderne Technik, die f\u00fcr einen dauerhaften Oberfl\u00e4chenschutz des Eisens sorgt, \u00a0wird heutzutage immer beliebter. Die entfetteten Teile bekommen einen Salzs\u00e4urebad wodurch es von Zinder und Rost befreit wird. So er read more<\/p>\n","protected":false},"author":2,"featured_media":0,"parent":0,"menu_order":0,"comment_status":"closed","ping_status":"closed","template":"","meta":{"_seopress_robots_primary_cat":"","_seopress_titles_title":"","_seopress_titles_desc":"","_seopress_robots_index":""},"_links":{"self":[{"href":"https:\/\/ferrokov.hu\/de\/wp-json\/wp\/v2\/pages\/466"}],"collection":[{"href":"https:\/\/ferrokov.hu\/de\/wp-json\/wp\/v2\/pages"}],"about":[{"href":"https:\/\/ferrokov.hu\/de\/wp-json\/wp\/v2\/types\/page"}],"author":[{"embeddable":true,"href":"https:\/\/ferrokov.hu\/de\/wp-json\/wp\/v2\/users\/2"}],"replies":[{"embeddable":true,"href":"https:\/\/ferrokov.hu\/de\/wp-json\/wp\/v2\/comments?post=466"}],"version-history":[{"count":41,"href":"https:\/\/ferrokov.hu\/de\/wp-json\/wp\/v2\/pages\/466\/revisions"}],"predecessor-version":[{"id":792,"href":"https:\/\/ferrokov.hu\/de\/wp-json\/wp\/v2\/pages\/466\/revisions\/792"}],"wp:attachment":[{"href":"https:\/\/ferrokov.hu\/de\/wp-json\/wp\/v2\/media?parent=466"}],"curies":[{"name":"wp","href":"https:\/\/api.w.org\/{rel}","templated":true}]}}