{"id":472,"date":"2019-05-24T06:10:07","date_gmt":"2019-05-24T06:10:07","guid":{"rendered":"https:\/\/ferrokov.hu?page_id=472"},"modified":"2024-10-24T08:50:44","modified_gmt":"2024-10-24T08:50:44","slug":"galvanizalas","status":"publish","type":"page","link":"https:\/\/ferrokov.hu\/de\/tevekenysegek\/galvanizalas\/","title":{"rendered":"Galvanisierung"},"content":{"rendered":"<p>Galvanisierung Durch die Verwendung einer externen Stromquelle wird die Oberfl\u00e4chenschicht des Stahlwerkst\u00fccks getrennt. Die Ausf\u00fchrung dieser Technologie wird durch Aufh\u00e4ngen durchgef\u00fchrt. So k\u00f6nnen gr\u00f6\u00dfere Oberfl\u00e4chen galvanisch verzinkt werden. Die Wannengr\u00f6\u00dfe betr\u00e4g <a href=\"https:\/\/ferrokov.hu\/de\/tevekenysegek\/galvanizalas\/\" title=\"Read more on Galvanisierung\" class=\"more-link\">read more<\/a><\/p>\n","protected":false},"excerpt":{"rendered":"<p>Galvanisierung Durch die Verwendung einer externen Stromquelle wird die Oberfl\u00e4chenschicht des Stahlwerkst\u00fccks getrennt. Die Ausf\u00fchrung dieser Technologie wird durch Aufh\u00e4ngen durchgef\u00fchrt. So k\u00f6nnen gr\u00f6\u00dfere Oberfl\u00e4chen galvanisch verzinkt werden. Die Wannengr\u00f6\u00dfe betr\u00e4g read more<\/p>\n","protected":false},"author":2,"featured_media":0,"parent":251,"menu_order":0,"comment_status":"closed","ping_status":"closed","template":"","meta":{"_seopress_robots_primary_cat":"","_seopress_titles_title":"","_seopress_titles_desc":"","_seopress_robots_index":""},"_links":{"self":[{"href":"https:\/\/ferrokov.hu\/de\/wp-json\/wp\/v2\/pages\/472"}],"collection":[{"href":"https:\/\/ferrokov.hu\/de\/wp-json\/wp\/v2\/pages"}],"about":[{"href":"https:\/\/ferrokov.hu\/de\/wp-json\/wp\/v2\/types\/page"}],"author":[{"embeddable":true,"href":"https:\/\/ferrokov.hu\/de\/wp-json\/wp\/v2\/users\/2"}],"replies":[{"embeddable":true,"href":"https:\/\/ferrokov.hu\/de\/wp-json\/wp\/v2\/comments?post=472"}],"version-history":[{"count":18,"href":"https:\/\/ferrokov.hu\/de\/wp-json\/wp\/v2\/pages\/472\/revisions"}],"predecessor-version":[{"id":1138,"href":"https:\/\/ferrokov.hu\/de\/wp-json\/wp\/v2\/pages\/472\/revisions\/1138"}],"up":[{"embeddable":true,"href":"https:\/\/ferrokov.hu\/de\/wp-json\/wp\/v2\/pages\/251"}],"wp:attachment":[{"href":"https:\/\/ferrokov.hu\/de\/wp-json\/wp\/v2\/media?parent=472"}],"curies":[{"name":"wp","href":"https:\/\/api.w.org\/{rel}","templated":true}]}}