{"id":474,"date":"2019-05-24T06:10:35","date_gmt":"2019-05-24T06:10:35","guid":{"rendered":"https:\/\/ferrokov.hu?page_id=474"},"modified":"2019-05-30T12:56:59","modified_gmt":"2019-05-30T12:56:59","slug":"porszoras","status":"publish","type":"page","link":"https:\/\/ferrokov.hu\/de\/tevekenysegek\/porszoras\/","title":{"rendered":"Pulverbeschichtungs"},"content":{"rendered":"<p>Pulverbeschichtungs Die reine Stahloberfl\u00e4chen werden mit einer elektrostatischen Pistole pulverbeschichtet. Zwischen den Pulver und der Oberfl\u00e4che bildet sich ein Spannunterschied auf dessen Auswirkung zieht die Bauteilenoberfl\u00e4che das Pulver an und h\u00e4rtet bei 180 &#82 <a href=\"https:\/\/ferrokov.hu\/de\/tevekenysegek\/porszoras\/\" title=\"Read more on Pulverbeschichtungs\" class=\"more-link\">read more<\/a><\/p>\n","protected":false},"excerpt":{"rendered":"<p>Pulverbeschichtungs Die reine Stahloberfl\u00e4chen werden mit einer elektrostatischen Pistole pulverbeschichtet. Zwischen den Pulver und der Oberfl\u00e4che bildet sich ein Spannunterschied auf dessen Auswirkung zieht die Bauteilenoberfl\u00e4che das Pulver an und h\u00e4rtet bei 180 &#038;#82 read more<\/p>\n","protected":false},"author":2,"featured_media":0,"parent":251,"menu_order":0,"comment_status":"closed","ping_status":"closed","template":"","meta":{"_seopress_robots_primary_cat":"","_seopress_titles_title":"","_seopress_titles_desc":"","_seopress_robots_index":""},"_links":{"self":[{"href":"https:\/\/ferrokov.hu\/de\/wp-json\/wp\/v2\/pages\/474"}],"collection":[{"href":"https:\/\/ferrokov.hu\/de\/wp-json\/wp\/v2\/pages"}],"about":[{"href":"https:\/\/ferrokov.hu\/de\/wp-json\/wp\/v2\/types\/page"}],"author":[{"embeddable":true,"href":"https:\/\/ferrokov.hu\/de\/wp-json\/wp\/v2\/users\/2"}],"replies":[{"embeddable":true,"href":"https:\/\/ferrokov.hu\/de\/wp-json\/wp\/v2\/comments?post=474"}],"version-history":[{"count":23,"href":"https:\/\/ferrokov.hu\/de\/wp-json\/wp\/v2\/pages\/474\/revisions"}],"predecessor-version":[{"id":660,"href":"https:\/\/ferrokov.hu\/de\/wp-json\/wp\/v2\/pages\/474\/revisions\/660"}],"up":[{"embeddable":true,"href":"https:\/\/ferrokov.hu\/de\/wp-json\/wp\/v2\/pages\/251"}],"wp:attachment":[{"href":"https:\/\/ferrokov.hu\/de\/wp-json\/wp\/v2\/media?parent=474"}],"curies":[{"name":"wp","href":"https:\/\/api.w.org\/{rel}","templated":true}]}}