{"id":476,"date":"2019-05-24T06:11:01","date_gmt":"2019-05-24T06:11:01","guid":{"rendered":"https:\/\/ferrokov.hu?page_id=476"},"modified":"2019-05-31T06:23:06","modified_gmt":"2019-05-31T06:23:06","slug":"festes-hagyomanyos-eljarassal","status":"publish","type":"page","link":"https:\/\/ferrokov.hu\/de\/tevekenysegek\/festes-hagyomanyos-eljarassal\/","title":{"rendered":"Malen nach konventioneller Methode"},"content":{"rendered":"<p>Malen nach konventioneller Methode F\u00fcr die l\u00f6smittelhaltige Farbe steht uns eine Streich- und Trocknerkabine Typ IP-SB-43 zur Verf\u00fcgung. Durch das Verwenden der Lackierpistole geraten Farbteilchen in die Luft, das sich gleichm\u00e4\u00dfig in Richtung Entl\u00fcftung T\u00edp IP-SW-10 bew <a href=\"https:\/\/ferrokov.hu\/de\/tevekenysegek\/festes-hagyomanyos-eljarassal\/\" title=\"Read more on Malen nach konventioneller Methode\" class=\"more-link\">read more<\/a><\/p>\n","protected":false},"excerpt":{"rendered":"<p>Malen nach konventioneller Methode F\u00fcr die l\u00f6smittelhaltige Farbe steht uns eine Streich- und Trocknerkabine Typ IP-SB-43 zur Verf\u00fcgung. Durch das Verwenden der Lackierpistole geraten Farbteilchen in die Luft, das sich gleichm\u00e4\u00dfig in Richtung Entl\u00fcftung T\u00edp IP-SW-10 bew read more<\/p>\n","protected":false},"author":2,"featured_media":0,"parent":251,"menu_order":0,"comment_status":"closed","ping_status":"closed","template":"","meta":{"_seopress_robots_primary_cat":"","_seopress_titles_title":"","_seopress_titles_desc":"","_seopress_robots_index":""},"_links":{"self":[{"href":"https:\/\/ferrokov.hu\/de\/wp-json\/wp\/v2\/pages\/476"}],"collection":[{"href":"https:\/\/ferrokov.hu\/de\/wp-json\/wp\/v2\/pages"}],"about":[{"href":"https:\/\/ferrokov.hu\/de\/wp-json\/wp\/v2\/types\/page"}],"author":[{"embeddable":true,"href":"https:\/\/ferrokov.hu\/de\/wp-json\/wp\/v2\/users\/2"}],"replies":[{"embeddable":true,"href":"https:\/\/ferrokov.hu\/de\/wp-json\/wp\/v2\/comments?post=476"}],"version-history":[{"count":21,"href":"https:\/\/ferrokov.hu\/de\/wp-json\/wp\/v2\/pages\/476\/revisions"}],"predecessor-version":[{"id":666,"href":"https:\/\/ferrokov.hu\/de\/wp-json\/wp\/v2\/pages\/476\/revisions\/666"}],"up":[{"embeddable":true,"href":"https:\/\/ferrokov.hu\/de\/wp-json\/wp\/v2\/pages\/251"}],"wp:attachment":[{"href":"https:\/\/ferrokov.hu\/de\/wp-json\/wp\/v2\/media?parent=476"}],"curies":[{"name":"wp","href":"https:\/\/api.w.org\/{rel}","templated":true}]}}