{"id":8,"date":"2018-07-17T19:59:55","date_gmt":"2018-07-17T19:59:55","guid":{"rendered":"https:\/\/ferrokov.hu?page_id=8"},"modified":"2022-12-17T06:25:29","modified_gmt":"2022-12-17T06:25:29","slug":"fooldal","status":"publish","type":"page","link":"https:\/\/ferrokov.hu\/de\/","title":{"rendered":"Deb\u00fct"},"content":{"rendered":"<p>FERROKOV Seit 30 Jahren f\u00fcr einen perfekten Oberfl\u00e4chenschutz Firmengeschichte Die Ferrokov Kft. (GmbH) ist ein mittelgro\u00dfes industrielles Unternehmen, das 1991 gegr\u00fcndet wurde. Der Sitz des Betriebes befindet sich im Komitat Somogy, in Segesd. In der Zeit der Firmengr\u00fc <a href=\"https:\/\/ferrokov.hu\/de\/\" title=\"Read more on Deb\u00fct\" class=\"more-link\">read more<\/a><\/p>\n","protected":false},"excerpt":{"rendered":"<p>FERROKOV Seit 30 Jahren f\u00fcr einen perfekten Oberfl\u00e4chenschutz Firmengeschichte Die Ferrokov Kft. (GmbH) ist ein mittelgro\u00dfes industrielles Unternehmen, das 1991 gegr\u00fcndet wurde. Der Sitz des Betriebes befindet sich im Komitat Somogy, in Segesd. In der Zeit der Firmengr\u00fc read more<\/p>\n","protected":false},"author":1,"featured_media":0,"parent":0,"menu_order":0,"comment_status":"closed","ping_status":"closed","template":"","meta":{"_seopress_robots_primary_cat":"","_seopress_titles_title":"","_seopress_titles_desc":"","_seopress_robots_index":""},"_links":{"self":[{"href":"https:\/\/ferrokov.hu\/de\/wp-json\/wp\/v2\/pages\/8"}],"collection":[{"href":"https:\/\/ferrokov.hu\/de\/wp-json\/wp\/v2\/pages"}],"about":[{"href":"https:\/\/ferrokov.hu\/de\/wp-json\/wp\/v2\/types\/page"}],"author":[{"embeddable":true,"href":"https:\/\/ferrokov.hu\/de\/wp-json\/wp\/v2\/users\/1"}],"replies":[{"embeddable":true,"href":"https:\/\/ferrokov.hu\/de\/wp-json\/wp\/v2\/comments?post=8"}],"version-history":[{"count":95,"href":"https:\/\/ferrokov.hu\/de\/wp-json\/wp\/v2\/pages\/8\/revisions"}],"predecessor-version":[{"id":921,"href":"https:\/\/ferrokov.hu\/de\/wp-json\/wp\/v2\/pages\/8\/revisions\/921"}],"wp:attachment":[{"href":"https:\/\/ferrokov.hu\/de\/wp-json\/wp\/v2\/media?parent=8"}],"curies":[{"name":"wp","href":"https:\/\/api.w.org\/{rel}","templated":true}]}}