{"id":993,"date":"2022-12-06T08:48:39","date_gmt":"2022-12-06T08:48:39","guid":{"rendered":"https:\/\/ferrokov.hu\/?page_id=993"},"modified":"2026-04-13T11:24:36","modified_gmt":"2026-04-13T11:24:36","slug":"elado-gepeink","status":"publish","type":"page","link":"https:\/\/ferrokov.hu\/de\/elado-gepeink\/","title":{"rendered":"Unsere maschinen zu verkaufen"},"content":{"rendered":"<p>Elad\u00f3 g\u00e9peink Mengele S4-6000 hidraulikus lemezoll\u00f3 g\u00e9p Gy\u00e1rt\u00e1si \u00e9v: 1999 V\u00e1g\u00e1si hossz: 6 050 mm G\u00e9p s\u00falya: kb. 21 000 Kg Ir\u00e1ny\u00e1r: 4 500 EUR+\u00e1fa St\u00e1tusz: gy\u00e1rt\u00f3\u00fczemben akt\u00edv, megtekinthet\u0151 Amennyiben fenti g\u00e9peink felkeltett\u00e9k \u00e9rdekl\u0151d\u00e9s\u00e9t, keressen minket bizalommal el <a href=\"https:\/\/ferrokov.hu\/de\/elado-gepeink\/\" title=\"Read more on Unsere maschinen zu verkaufen\" class=\"more-link\">read more<\/a><\/p>\n","protected":false},"excerpt":{"rendered":"<p>Elad\u00f3 g\u00e9peink Mengele S4-6000 hidraulikus lemezoll\u00f3 g\u00e9p Gy\u00e1rt\u00e1si \u00e9v: 1999 V\u00e1g\u00e1si hossz: 6 050 mm G\u00e9p s\u00falya: kb. 21 000 Kg Ir\u00e1ny\u00e1r: 4 500 EUR+\u00e1fa St\u00e1tusz: gy\u00e1rt\u00f3\u00fczemben akt\u00edv, megtekinthet\u0151 Amennyiben fenti g\u00e9peink felkeltett\u00e9k \u00e9rdekl\u0151d\u00e9s\u00e9t, keressen minket bizalommal el read more<\/p>\n","protected":false},"author":2,"featured_media":0,"parent":0,"menu_order":0,"comment_status":"closed","ping_status":"closed","template":"","meta":{"_seopress_robots_primary_cat":"","_seopress_titles_title":"","_seopress_titles_desc":"","_seopress_robots_index":""},"_links":{"self":[{"href":"https:\/\/ferrokov.hu\/de\/wp-json\/wp\/v2\/pages\/993"}],"collection":[{"href":"https:\/\/ferrokov.hu\/de\/wp-json\/wp\/v2\/pages"}],"about":[{"href":"https:\/\/ferrokov.hu\/de\/wp-json\/wp\/v2\/types\/page"}],"author":[{"embeddable":true,"href":"https:\/\/ferrokov.hu\/de\/wp-json\/wp\/v2\/users\/2"}],"replies":[{"embeddable":true,"href":"https:\/\/ferrokov.hu\/de\/wp-json\/wp\/v2\/comments?post=993"}],"version-history":[{"count":116,"href":"https:\/\/ferrokov.hu\/de\/wp-json\/wp\/v2\/pages\/993\/revisions"}],"predecessor-version":[{"id":1181,"href":"https:\/\/ferrokov.hu\/de\/wp-json\/wp\/v2\/pages\/993\/revisions\/1181"}],"wp:attachment":[{"href":"https:\/\/ferrokov.hu\/de\/wp-json\/wp\/v2\/media?parent=993"}],"curies":[{"name":"wp","href":"https:\/\/api.w.org\/{rel}","templated":true}]}}