{"id":154,"date":"2019-02-21T13:30:07","date_gmt":"2019-02-21T13:30:07","guid":{"rendered":"https:\/\/ferrokov.hu?page_id=154"},"modified":"2021-06-02T11:23:38","modified_gmt":"2021-06-02T11:23:38","slug":"videotar","status":"publish","type":"page","link":"https:\/\/ferrokov.hu\/en\/galerai\/videotar\/","title":{"rendered":"Videos"},"content":{"rendered":"<p>&nbsp;<\/p>\n<p style=\"text-align: center;\">Our equipment in Ferrokov Kft.!<\/p>\n<p style=\"text-align: center;\"><iframe title=\"PEE-WEE RM 18 X menetm\u00e1ngorl\u00f3 g\u00e9p \/ PEE-WEE RM 18 X mangling machine\" width=\"710\" height=\"399\" src=\"https:\/\/www.youtube.com\/embed\/TRZ0mm0V9D0?feature=oembed\" frameborder=\"0\" allow=\"accelerometer; autoplay; clipboard-write; encrypted-media; gyroscope; picture-in-picture\" allowfullscreen><\/iframe><\/p>\n<p style=\"text-align: center;\"><iframe title=\"R\u00f6sler RDGE 1000-4 szemcsesz\u00f3r\u00f3 \/ R\u00f6sler RDGE 1000-4 Blast Cleaning\" width=\"710\" height=\"399\" src=\"https:\/\/www.youtube.com\/embed\/gnNup0GWlH0?feature=oembed\" frameborder=\"0\" allow=\"accelerometer; autoplay; clipboard-write; encrypted-media; gyroscope; picture-in-picture\" allowfullscreen><\/iframe><\/p>\n<p style=\"text-align: center;\"><iframe title=\"R\u00f6sler-RMBC 2.1-L szemcsesz\u00f3r\u00f3 \/ R\u00f6sler-RMBC 2.1-L Blast Cleaning\" width=\"710\" height=\"399\" src=\"https:\/\/www.youtube.com\/embed\/IZLIDbBEZ_0?feature=oembed\" frameborder=\"0\" allow=\"accelerometer; autoplay; clipboard-write; encrypted-media; gyroscope; picture-in-picture\" allowfullscreen><\/iframe><\/p>\n<p style=\"text-align: center;\"><iframe title=\"T\u0171zihorganyz\u00e1s \/ Hot-dip zinc plating\" width=\"710\" height=\"399\" src=\"https:\/\/www.youtube.com\/embed\/cLLolwg7PH4?feature=oembed\" frameborder=\"0\" allow=\"accelerometer; autoplay; clipboard-write; encrypted-media; gyroscope; picture-in-picture\" allowfullscreen><\/iframe><\/p>\n<p style=\"text-align: center;\"><iframe title=\"K\u00f6rf\u0171r\u00e9sz berendez\u00e9sek \/ Circulal sawing machines\" width=\"710\" height=\"399\" src=\"https:\/\/www.youtube.com\/embed\/Yu518J47kSo?feature=oembed\" frameborder=\"0\" allow=\"accelerometer; autoplay; clipboard-write; encrypted-media; gyroscope; picture-in-picture\" allowfullscreen><\/iframe><\/p>\n<p style=\"text-align: center;\"><iframe title=\"Robot hegeszt\u0151 berendez\u00e9sek \/ Robot welding equipment\" width=\"710\" height=\"399\" src=\"https:\/\/www.youtube.com\/embed\/ioGKyvixbWU?feature=oembed\" frameborder=\"0\" allow=\"accelerometer; autoplay; clipboard-write; encrypted-media; gyroscope; picture-in-picture\" allowfullscreen><\/iframe><\/p>\n<p style=\"text-align: center;\"><iframe title=\"2D l\u00e9zersugaras v\u00e1g\u00f3g\u00e9pek \/ 2D laser cutting machines\" width=\"710\" height=\"399\" src=\"https:\/\/www.youtube.com\/embed\/dcYRhWMDEHQ?feature=oembed\" frameborder=\"0\" allow=\"accelerometer; autoplay; clipboard-write; encrypted-media; gyroscope; picture-in-picture\" allowfullscreen><\/iframe><\/p>\n<p style=\"text-align: center;\"><iframe title=\"CNC f\u00fcgg\u0151leges megmunk\u00e1l\u00f3 \/ CNC vertical machine\" width=\"710\" height=\"399\" src=\"https:\/\/www.youtube.com\/embed\/c4ykhz8nghM?feature=oembed\" frameborder=\"0\" allow=\"accelerometer; autoplay; clipboard-write; encrypted-media; gyroscope; picture-in-picture\" allowfullscreen><\/iframe><\/p>\n<p style=\"text-align: center;\"><iframe title=\"CNC hidraulikus \u00e9lhajl\u00edt\u00f3 berendez\u00e9sek \/ CNC hydraulic edge bender equipments\" width=\"710\" height=\"399\" src=\"https:\/\/www.youtube.com\/embed\/dAjhfZ_dWds?feature=oembed\" frameborder=\"0\" allow=\"accelerometer; autoplay; clipboard-write; encrypted-media; gyroscope; picture-in-picture\" allowfullscreen><\/iframe><\/p>\n<p style=\"text-align: center;\"><iframe title=\"\u00daj 5 tengelyes 3D-s l\u00e9zerv\u00e1g\u00f3 g\u00e9p \/ New 5 axis 3d laser cutting machine\" width=\"710\" height=\"399\" src=\"https:\/\/www.youtube.com\/embed\/VqgPz7g3G_Q?feature=oembed\" frameborder=\"0\" allow=\"accelerometer; autoplay; clipboard-write; encrypted-media; gyroscope; picture-in-picture\" allowfullscreen><\/iframe><\/p>\n<p style=\"text-align: center;\">Important information about galvanizing!<\/p>\n<p style=\"text-align: center;\"><iframe title=\"A t\u0171zihorganyz\u00e1s technol\u00f3gi\u00e1ja\" width=\"710\" height=\"399\" src=\"https:\/\/www.youtube.com\/embed\/SK_DWwj1rtw?feature=oembed\" frameborder=\"0\" allow=\"accelerometer; autoplay; clipboard-write; encrypted-media; gyroscope; picture-in-picture\" allowfullscreen><\/iframe><\/p>\n<p style=\"text-align: center;\"><iframe title=\"Melyik horganyz\u00e1st v\u00e1lasszuk?\" width=\"710\" height=\"399\" src=\"https:\/\/www.youtube.com\/embed\/-I-z6guUhsw?feature=oembed\" frameborder=\"0\" allow=\"accelerometer; autoplay; clipboard-write; encrypted-media; gyroscope; picture-in-picture\" allowfullscreen><\/iframe><\/p>\n<p style=\"text-align: center;\"><iframe title=\"Karbantart\u00e1smentes v\u00e9delem t\u00fczihorganyz\u00e1ssal\" width=\"710\" height=\"399\" src=\"https:\/\/www.youtube.com\/embed\/9RCSYFd-iFQ?feature=oembed\" frameborder=\"0\" allow=\"accelerometer; autoplay; clipboard-write; encrypted-media; gyroscope; picture-in-picture\" allowfullscreen><\/iframe><\/p>\n","protected":false},"excerpt":{"rendered":"<p>&nbsp; Our equipment in Ferrokov Kft.! Important information about galvanizing!<\/p>\n","protected":false},"author":2,"featured_media":0,"parent":175,"menu_order":0,"comment_status":"closed","ping_status":"closed","template":"","meta":{"_seopress_robots_primary_cat":"","_seopress_titles_title":"","_seopress_titles_desc":"","_seopress_robots_index":""},"_links":{"self":[{"href":"https:\/\/ferrokov.hu\/en\/wp-json\/wp\/v2\/pages\/154"}],"collection":[{"href":"https:\/\/ferrokov.hu\/en\/wp-json\/wp\/v2\/pages"}],"about":[{"href":"https:\/\/ferrokov.hu\/en\/wp-json\/wp\/v2\/types\/page"}],"author":[{"embeddable":true,"href":"https:\/\/ferrokov.hu\/en\/wp-json\/wp\/v2\/users\/2"}],"replies":[{"embeddable":true,"href":"https:\/\/ferrokov.hu\/en\/wp-json\/wp\/v2\/comments?post=154"}],"version-history":[{"count":36,"href":"https:\/\/ferrokov.hu\/en\/wp-json\/wp\/v2\/pages\/154\/revisions"}],"predecessor-version":[{"id":964,"href":"https:\/\/ferrokov.hu\/en\/wp-json\/wp\/v2\/pages\/154\/revisions\/964"}],"up":[{"embeddable":true,"href":"https:\/\/ferrokov.hu\/en\/wp-json\/wp\/v2\/pages\/175"}],"wp:attachment":[{"href":"https:\/\/ferrokov.hu\/en\/wp-json\/wp\/v2\/media?parent=154"}],"curies":[{"name":"wp","href":"https:\/\/api.w.org\/{rel}","templated":true}]}}